{"id":40,"date":"2018-11-21T15:01:52","date_gmt":"2018-11-21T14:01:52","guid":{"rendered":"https:\/\/hamburger-katzen.de\/?page_id=40"},"modified":"2025-10-25T16:22:14","modified_gmt":"2025-10-25T16:22:14","slug":"wilkommen","status":"publish","type":"page","link":"https:\/\/hamburger-katzen.de\/","title":{"rendered":"Mobile Katzenbetreuung Heike Tenfelde"},"content":{"rendered":"<nav class=\"is-responsive wp-block-navigation is-layout-flex wp-block-navigation-is-layout-flex\" aria-label=\"Navigation\" \n\t\t data-wp-interactive=\"core\/navigation\" data-wp-context='{\"overlayOpenedBy\":{\"click\":false,\"hover\":false,\"focus\":false},\"type\":\"overlay\",\"roleAttribute\":\"\",\"ariaLabel\":\"Men\\u00fc\"}'><button aria-haspopup=\"dialog\" aria-label=\"Men\u00fc \u00f6ffnen\" class=\"wp-block-navigation__responsive-container-open\" \n\t\t\t\tdata-wp-on--click=\"actions.openMenuOnClick\"\n\t\t\t\tdata-wp-on--keydown=\"actions.handleMenuKeydown\"\n\t\t\t><svg width=\"24\" height=\"24\" xmlns=\"http:\/\/www.w3.org\/2000\/svg\" viewBox=\"0 0 24 24\" aria-hidden=\"true\" focusable=\"false\"><path d=\"M4 7.5h16v1.5H4z\"><\/path><path d=\"M4 15h16v1.5H4z\"><\/path><\/svg><\/button>\n\t\t\t\t<div class=\"wp-block-navigation__responsive-container\"  id=\"modal-1\" \n\t\t\t\tdata-wp-class--has-modal-open=\"state.isMenuOpen\"\n\t\t\t\tdata-wp-class--is-menu-open=\"state.isMenuOpen\"\n\t\t\t\tdata-wp-watch=\"callbacks.initMenu\"\n\t\t\t\tdata-wp-on--keydown=\"actions.handleMenuKeydown\"\n\t\t\t\tdata-wp-on--focusout=\"actions.handleMenuFocusout\"\n\t\t\t\ttabindex=\"-1\"\n\t\t\t>\n\t\t\t\t\t<div class=\"wp-block-navigation__responsive-close\" tabindex=\"-1\">\n\t\t\t\t\t\t<div class=\"wp-block-navigation__responsive-dialog\" \n\t\t\t\tdata-wp-bind--aria-modal=\"state.ariaModal\"\n\t\t\t\tdata-wp-bind--aria-label=\"state.ariaLabel\"\n\t\t\t\tdata-wp-bind--role=\"state.roleAttribute\"\n\t\t\t>\n\t\t\t\t\t\t\t<button aria-label=\"Men\u00fc schlie\u00dfen\" class=\"wp-block-navigation__responsive-container-close\" \n\t\t\t\tdata-wp-on--click=\"actions.closeMenuOnClick\"\n\t\t\t><svg xmlns=\"http:\/\/www.w3.org\/2000\/svg\" viewBox=\"0 0 24 24\" width=\"24\" height=\"24\" aria-hidden=\"true\" focusable=\"false\"><path d=\"m13.06 12 6.47-6.47-1.06-1.06L12 10.94 5.53 4.47 4.47 5.53 10.94 12l-6.47 6.47 1.06 1.06L12 13.06l6.47 6.47 1.06-1.06L13.06 12Z\"><\/path><\/svg><\/button>\n\t\t\t\t\t\t\t<div class=\"wp-block-navigation__responsive-container-content\" \n\t\t\t\tdata-wp-watch=\"callbacks.focusFirstElement\"\n\t\t\t id=\"modal-1-content\">\n\t\t\t\t\t\t\t\t<ul class=\"wp-block-navigation__container is-responsive wp-block-navigation\"><li class=\" wp-block-navigation-item wp-block-navigation-link\"><a class=\"wp-block-navigation-item__content\"  href=\"https:\/\/hamburger-katzen.de\/\"><span class=\"wp-block-navigation-item__label\">Start<\/span><\/a><\/li><li class=\" wp-block-navigation-item wp-block-navigation-link\"><a class=\"wp-block-navigation-item__content\"  href=\"https:\/\/hamburger-katzen.de\/?page_id=101\"><span class=\"wp-block-navigation-item__label\">\u00fcber mich<\/span><\/a><\/li><li class=\" wp-block-navigation-item wp-block-navigation-link\"><a class=\"wp-block-navigation-item__content\"  href=\"https:\/\/hamburger-katzen.de\/?page_id=106\"><span class=\"wp-block-navigation-item__label\">mobile Katzenbetreuung<\/span><\/a><\/li><li class=\" wp-block-navigation-item wp-block-navigation-link\"><a class=\"wp-block-navigation-item__content\"  href=\"https:\/\/hamburger-katzen.de\/?page_id=124\"><span class=\"wp-block-navigation-item__label\">Leistungen<\/span><\/a><\/li><li class=\" wp-block-navigation-item wp-block-navigation-link\"><a class=\"wp-block-navigation-item__content\"  href=\"https:\/\/hamburger-katzen.de\/?page_id=111\"><span class=\"wp-block-navigation-item__label\">Preise<\/span><\/a><\/li><li class=\" wp-block-navigation-item wp-block-navigation-link\"><a class=\"wp-block-navigation-item__content\"  href=\"https:\/\/hamburger-katzen.de\/?page_id=120\"><span class=\"wp-block-navigation-item__label\">Impressum\/Kontakt<\/span><\/a><\/li><\/ul>\n\t\t\t\t\t\t\t<\/div>\n\t\t\t\t\t\t<\/div>\n\t\t\t\t\t<\/div>\n\t\t\t\t<\/div><\/nav>\n\n\n<figure class=\"wp-block-image size-large\"><img loading=\"lazy\" decoding=\"async\" width=\"1024\" height=\"768\" src=\"https:\/\/hamburger-katzen.de\/wp-content\/uploads\/2025\/09\/P8160535_01-1024x768.jpg\" alt=\"\" class=\"wp-image-177\" srcset=\"https:\/\/hamburger-katzen.de\/wp-content\/uploads\/2025\/09\/P8160535_01-1024x768.jpg 1024w, https:\/\/hamburger-katzen.de\/wp-content\/uploads\/2025\/09\/P8160535_01-300x225.jpg 300w, https:\/\/hamburger-katzen.de\/wp-content\/uploads\/2025\/09\/P8160535_01-768x576.jpg 768w, https:\/\/hamburger-katzen.de\/wp-content\/uploads\/2025\/09\/P8160535_01-1536x1152.jpg 1536w, https:\/\/hamburger-katzen.de\/wp-content\/uploads\/2025\/09\/P8160535_01-2048x1536.jpg 2048w\" sizes=\"auto, (max-width: 1024px) 100vw, 1024px\" \/><\/figure>\n\n\n\n<h1 class=\"wp-block-heading\">Willkommen<\/h1>\n\n\n\n<p><\/p>\n\n\n\n<p id=\"block-fd4a1ec8-f884-4ac2-ba5c-e3c4aa627955\"><strong>bei der mobilen Katzenbetreuung Heike Tenfelde<\/strong><\/p>\n\n\n\n<p id=\"block-fd4a1ec8-f884-4ac2-ba5c-e3c4aa627955\"><br><strong>\u2026denn Zuhause ist, wo das Herz schnurrt.<\/strong><br>Katzen sind keine Haustiere \u2013 sie sind Familienmitglieder. Und ich wei\u00df, wie schwer es f\u00e4llt, sie auch nur f\u00fcr kurze Zeit allein zu lassen. Ob durch lange Arbeitstage, einen Krankenhausaufenthalt oder eine wohlverdiente Auszeit: Manchmal l\u00e4sst es sich einfach nicht vermeiden.<\/p>\n\n\n\n<p id=\"block-fd4a1ec8-f884-4ac2-ba5c-e3c4aa627955\"><br>Gerade dann ist es wichtig zu wissen: Meine Katze ist in liebevollen, zuverl\u00e4ssigen H\u00e4nden.<\/p>\n\n\n\n<p id=\"block-fd4a1ec8-f884-4ac2-ba5c-e3c4aa627955\"><br>Als erfahrene Katzenliebhaberin und \u201er\u00fcstige Rentnerin\u201c mit viel Zeit und noch mehr Herz k\u00fcmmere ich mich um Ihre Samtpfoten \u2013 <strong>bei Ihnen zu Hause, in ihrer gewohnten Umgebung, mit all der Ruhe, Zuwendung und F\u00fcrsorge, die sie verdienen.<\/strong><\/p>\n\n\n\n<p id=\"block-fd4a1ec8-f884-4ac2-ba5c-e3c4aa627955\"><br>Ich nehme mir Zeit zum Spielen, Streicheln, F\u00fcttern \u2013 oder einfach nur zum Dasein. Denn jede Katze ist anders. Und jede verdient es, gesehen und verstanden zu werden.<\/p>\n\n\n\n<p><\/p>\n\n\n\n<p id=\"block-fd4a1ec8-f884-4ac2-ba5c-e3c4aa627955\"><br><strong>Vertrauen Sie mir das Wertvollste an, was Sie haben \u2013 ich behandle es, als w\u00e4re es mein eigenes.<\/strong><br>Herzlichst,<br>Heike Tenfelde<\/p>\n\n\n\n<p id=\"block-fd4a1ec8-f884-4ac2-ba5c-e3c4aa627955\"><\/p>\n\n\n\n<figure class=\"wp-block-image size-large\"><img loading=\"lazy\" decoding=\"async\" width=\"1024\" height=\"768\" src=\"https:\/\/hamburger-katzen.de\/wp-content\/uploads\/2025\/08\/P8160543-1024x768.jpg\" alt=\"\" class=\"wp-image-94\" srcset=\"https:\/\/hamburger-katzen.de\/wp-content\/uploads\/2025\/08\/P8160543-1024x768.jpg 1024w, https:\/\/hamburger-katzen.de\/wp-content\/uploads\/2025\/08\/P8160543-300x225.jpg 300w, https:\/\/hamburger-katzen.de\/wp-content\/uploads\/2025\/08\/P8160543-768x576.jpg 768w, https:\/\/hamburger-katzen.de\/wp-content\/uploads\/2025\/08\/P8160543-1536x1152.jpg 1536w, https:\/\/hamburger-katzen.de\/wp-content\/uploads\/2025\/08\/P8160543-2048x1536.jpg 2048w\" sizes=\"auto, (max-width: 1024px) 100vw, 1024px\" \/><figcaption class=\"wp-element-caption\">Kater Felix ( 3 Monate alt)<\/figcaption><\/figure>\n","protected":false},"excerpt":{"rendered":"<p>Willkommen bei der mobilen Katzenbetreuung Heike Tenfelde \u2026denn Zuhause ist, wo das Herz schnurrt.Katzen sind keine Haustiere \u2013 sie sind Familienmitglieder. Und ich wei\u00df, wie schwer es f\u00e4llt, sie auch nur f\u00fcr kurze Zeit allein zu lassen. Ob durch lange Arbeitstage, einen Krankenhausaufenthalt oder eine wohlverdiente Auszeit: Manchmal l\u00e4sst es sich einfach nicht vermeiden. Gerade [&hellip;]<\/p>\n","protected":false},"author":1,"featured_media":203,"parent":0,"menu_order":0,"comment_status":"closed","ping_status":"closed","template":"page-with-title","meta":{"footnotes":""},"class_list":["post-40","page","type-page","status-publish","has-post-thumbnail","hentry"],"yoast_head":"<!-- This site is optimized with the Yoast SEO plugin v27.4 - https:\/\/yoast.com\/product\/yoast-seo-wordpress\/ -->\n<title>Mobile Katzenbetreuung Heike Tenfelde - Hamburger Katzen<\/title>\n<meta name=\"robots\" content=\"index, follow, max-snippet:-1, max-image-preview:large, max-video-preview:-1\" \/>\n<link rel=\"canonical\" href=\"https:\/\/hamburger-katzen.de\/\" \/>\n<meta property=\"og:locale\" content=\"de_DE\" \/>\n<meta property=\"og:type\" content=\"article\" \/>\n<meta property=\"og:title\" content=\"Mobile Katzenbetreuung Heike Tenfelde - Hamburger Katzen\" \/>\n<meta property=\"og:description\" content=\"Willkommen bei der mobilen Katzenbetreuung Heike Tenfelde \u2026denn Zuhause ist, wo das Herz schnurrt.Katzen sind keine Haustiere \u2013 sie sind Familienmitglieder. Und ich wei\u00df, wie schwer es f\u00e4llt, sie auch nur f\u00fcr kurze Zeit allein zu lassen. Ob durch lange Arbeitstage, einen Krankenhausaufenthalt oder eine wohlverdiente Auszeit: Manchmal l\u00e4sst es sich einfach nicht vermeiden. Gerade [&hellip;]\" \/>\n<meta property=\"og:url\" content=\"https:\/\/hamburger-katzen.de\/\" \/>\n<meta property=\"og:site_name\" content=\"Hamburger Katzen\" \/>\n<meta property=\"article:modified_time\" content=\"2025-10-25T16:22:14+00:00\" \/>\n<meta property=\"og:image\" content=\"https:\/\/hamburger-katzen.de\/wp-content\/uploads\/2025\/10\/favicon2_1274x1397-2.jpg\" \/>\n\t<meta property=\"og:image:width\" content=\"47\" \/>\n\t<meta property=\"og:image:height\" content=\"52\" \/>\n\t<meta property=\"og:image:type\" content=\"image\/jpeg\" \/>\n<meta name=\"twitter:card\" content=\"summary_large_image\" \/>\n<meta name=\"twitter:label1\" content=\"Gesch\u00e4tzte Lesezeit\" \/>\n\t<meta name=\"twitter:data1\" content=\"2\u00a0Minuten\" \/>\n<script type=\"application\/ld+json\" class=\"yoast-schema-graph\">{\"@context\":\"https:\\\/\\\/schema.org\",\"@graph\":[{\"@type\":\"WebPage\",\"@id\":\"https:\\\/\\\/hamburger-katzen.de\\\/\",\"url\":\"https:\\\/\\\/hamburger-katzen.de\\\/\",\"name\":\"Mobile Katzenbetreuung Heike Tenfelde - Hamburger Katzen\",\"isPartOf\":{\"@id\":\"https:\\\/\\\/hamburger-katzen.de\\\/#website\"},\"primaryImageOfPage\":{\"@id\":\"https:\\\/\\\/hamburger-katzen.de\\\/#primaryimage\"},\"image\":{\"@id\":\"https:\\\/\\\/hamburger-katzen.de\\\/#primaryimage\"},\"thumbnailUrl\":\"https:\\\/\\\/hamburger-katzen.de\\\/wp-content\\\/uploads\\\/2025\\\/10\\\/favicon2_1274x1397-2.jpg\",\"datePublished\":\"2018-11-21T14:01:52+00:00\",\"dateModified\":\"2025-10-25T16:22:14+00:00\",\"breadcrumb\":{\"@id\":\"https:\\\/\\\/hamburger-katzen.de\\\/#breadcrumb\"},\"inLanguage\":\"de\",\"potentialAction\":[{\"@type\":\"ReadAction\",\"target\":[\"https:\\\/\\\/hamburger-katzen.de\\\/\"]}]},{\"@type\":\"ImageObject\",\"inLanguage\":\"de\",\"@id\":\"https:\\\/\\\/hamburger-katzen.de\\\/#primaryimage\",\"url\":\"https:\\\/\\\/hamburger-katzen.de\\\/wp-content\\\/uploads\\\/2025\\\/10\\\/favicon2_1274x1397-2.jpg\",\"contentUrl\":\"https:\\\/\\\/hamburger-katzen.de\\\/wp-content\\\/uploads\\\/2025\\\/10\\\/favicon2_1274x1397-2.jpg\",\"width\":47,\"height\":52},{\"@type\":\"BreadcrumbList\",\"@id\":\"https:\\\/\\\/hamburger-katzen.de\\\/#breadcrumb\",\"itemListElement\":[{\"@type\":\"ListItem\",\"position\":1,\"name\":\"Startseite\",\"item\":\"https:\\\/\\\/hamburger-katzen.de\\\/\"},{\"@type\":\"ListItem\",\"position\":2,\"name\":\"Mobile Katzenbetreuung Heike Tenfelde\"}]},{\"@type\":\"WebSite\",\"@id\":\"https:\\\/\\\/hamburger-katzen.de\\\/#website\",\"url\":\"https:\\\/\\\/hamburger-katzen.de\\\/\",\"name\":\"mobile Katzenbetreuung Heike Tenfelde\",\"description\":\"mobile Katzenbetreuung\",\"publisher\":{\"@id\":\"https:\\\/\\\/hamburger-katzen.de\\\/#\\\/schema\\\/person\\\/e93d5b8b76285dcbe25d766431d31d2b\"},\"potentialAction\":[{\"@type\":\"SearchAction\",\"target\":{\"@type\":\"EntryPoint\",\"urlTemplate\":\"https:\\\/\\\/hamburger-katzen.de\\\/?s={search_term_string}\"},\"query-input\":{\"@type\":\"PropertyValueSpecification\",\"valueRequired\":true,\"valueName\":\"search_term_string\"}}],\"inLanguage\":\"de\"},{\"@type\":[\"Person\",\"Organization\"],\"@id\":\"https:\\\/\\\/hamburger-katzen.de\\\/#\\\/schema\\\/person\\\/e93d5b8b76285dcbe25d766431d31d2b\",\"name\":\"admin\",\"image\":{\"@type\":\"ImageObject\",\"inLanguage\":\"de\",\"@id\":\"https:\\\/\\\/hamburger-katzen.de\\\/wp-content\\\/uploads\\\/2025\\\/10\\\/favicon2_1274x1397-2.jpg\",\"url\":\"https:\\\/\\\/hamburger-katzen.de\\\/wp-content\\\/uploads\\\/2025\\\/10\\\/favicon2_1274x1397-2.jpg\",\"contentUrl\":\"https:\\\/\\\/hamburger-katzen.de\\\/wp-content\\\/uploads\\\/2025\\\/10\\\/favicon2_1274x1397-2.jpg\",\"width\":47,\"height\":52,\"caption\":\"admin\"},\"logo\":{\"@id\":\"https:\\\/\\\/hamburger-katzen.de\\\/wp-content\\\/uploads\\\/2025\\\/10\\\/favicon2_1274x1397-2.jpg\"},\"sameAs\":[\"https:\\\/\\\/hamburger-katzen.de\"]}]}<\/script>\n<!-- \/ Yoast SEO plugin. -->","yoast_head_json":{"title":"Mobile Katzenbetreuung Heike Tenfelde - Hamburger Katzen","robots":{"index":"index","follow":"follow","max-snippet":"max-snippet:-1","max-image-preview":"max-image-preview:large","max-video-preview":"max-video-preview:-1"},"canonical":"https:\/\/hamburger-katzen.de\/","og_locale":"de_DE","og_type":"article","og_title":"Mobile Katzenbetreuung Heike Tenfelde - Hamburger Katzen","og_description":"Willkommen bei der mobilen Katzenbetreuung Heike Tenfelde \u2026denn Zuhause ist, wo das Herz schnurrt.Katzen sind keine Haustiere \u2013 sie sind Familienmitglieder. Und ich wei\u00df, wie schwer es f\u00e4llt, sie auch nur f\u00fcr kurze Zeit allein zu lassen. Ob durch lange Arbeitstage, einen Krankenhausaufenthalt oder eine wohlverdiente Auszeit: Manchmal l\u00e4sst es sich einfach nicht vermeiden. Gerade [&hellip;]","og_url":"https:\/\/hamburger-katzen.de\/","og_site_name":"Hamburger Katzen","article_modified_time":"2025-10-25T16:22:14+00:00","og_image":[{"width":47,"height":52,"url":"https:\/\/hamburger-katzen.de\/wp-content\/uploads\/2025\/10\/favicon2_1274x1397-2.jpg","type":"image\/jpeg"}],"twitter_card":"summary_large_image","twitter_misc":{"Gesch\u00e4tzte Lesezeit":"2\u00a0Minuten"},"schema":{"@context":"https:\/\/schema.org","@graph":[{"@type":"WebPage","@id":"https:\/\/hamburger-katzen.de\/","url":"https:\/\/hamburger-katzen.de\/","name":"Mobile Katzenbetreuung Heike Tenfelde - Hamburger Katzen","isPartOf":{"@id":"https:\/\/hamburger-katzen.de\/#website"},"primaryImageOfPage":{"@id":"https:\/\/hamburger-katzen.de\/#primaryimage"},"image":{"@id":"https:\/\/hamburger-katzen.de\/#primaryimage"},"thumbnailUrl":"https:\/\/hamburger-katzen.de\/wp-content\/uploads\/2025\/10\/favicon2_1274x1397-2.jpg","datePublished":"2018-11-21T14:01:52+00:00","dateModified":"2025-10-25T16:22:14+00:00","breadcrumb":{"@id":"https:\/\/hamburger-katzen.de\/#breadcrumb"},"inLanguage":"de","potentialAction":[{"@type":"ReadAction","target":["https:\/\/hamburger-katzen.de\/"]}]},{"@type":"ImageObject","inLanguage":"de","@id":"https:\/\/hamburger-katzen.de\/#primaryimage","url":"https:\/\/hamburger-katzen.de\/wp-content\/uploads\/2025\/10\/favicon2_1274x1397-2.jpg","contentUrl":"https:\/\/hamburger-katzen.de\/wp-content\/uploads\/2025\/10\/favicon2_1274x1397-2.jpg","width":47,"height":52},{"@type":"BreadcrumbList","@id":"https:\/\/hamburger-katzen.de\/#breadcrumb","itemListElement":[{"@type":"ListItem","position":1,"name":"Startseite","item":"https:\/\/hamburger-katzen.de\/"},{"@type":"ListItem","position":2,"name":"Mobile Katzenbetreuung Heike Tenfelde"}]},{"@type":"WebSite","@id":"https:\/\/hamburger-katzen.de\/#website","url":"https:\/\/hamburger-katzen.de\/","name":"mobile Katzenbetreuung Heike Tenfelde","description":"mobile Katzenbetreuung","publisher":{"@id":"https:\/\/hamburger-katzen.de\/#\/schema\/person\/e93d5b8b76285dcbe25d766431d31d2b"},"potentialAction":[{"@type":"SearchAction","target":{"@type":"EntryPoint","urlTemplate":"https:\/\/hamburger-katzen.de\/?s={search_term_string}"},"query-input":{"@type":"PropertyValueSpecification","valueRequired":true,"valueName":"search_term_string"}}],"inLanguage":"de"},{"@type":["Person","Organization"],"@id":"https:\/\/hamburger-katzen.de\/#\/schema\/person\/e93d5b8b76285dcbe25d766431d31d2b","name":"admin","image":{"@type":"ImageObject","inLanguage":"de","@id":"https:\/\/hamburger-katzen.de\/wp-content\/uploads\/2025\/10\/favicon2_1274x1397-2.jpg","url":"https:\/\/hamburger-katzen.de\/wp-content\/uploads\/2025\/10\/favicon2_1274x1397-2.jpg","contentUrl":"https:\/\/hamburger-katzen.de\/wp-content\/uploads\/2025\/10\/favicon2_1274x1397-2.jpg","width":47,"height":52,"caption":"admin"},"logo":{"@id":"https:\/\/hamburger-katzen.de\/wp-content\/uploads\/2025\/10\/favicon2_1274x1397-2.jpg"},"sameAs":["https:\/\/hamburger-katzen.de"]}]}},"_links":{"self":[{"href":"https:\/\/hamburger-katzen.de\/index.php?rest_route=\/wp\/v2\/pages\/40","targetHints":{"allow":["GET"]}}],"collection":[{"href":"https:\/\/hamburger-katzen.de\/index.php?rest_route=\/wp\/v2\/pages"}],"about":[{"href":"https:\/\/hamburger-katzen.de\/index.php?rest_route=\/wp\/v2\/types\/page"}],"author":[{"embeddable":true,"href":"https:\/\/hamburger-katzen.de\/index.php?rest_route=\/wp\/v2\/users\/1"}],"replies":[{"embeddable":true,"href":"https:\/\/hamburger-katzen.de\/index.php?rest_route=%2Fwp%2Fv2%2Fcomments&post=40"}],"version-history":[{"count":18,"href":"https:\/\/hamburger-katzen.de\/index.php?rest_route=\/wp\/v2\/pages\/40\/revisions"}],"predecessor-version":[{"id":211,"href":"https:\/\/hamburger-katzen.de\/index.php?rest_route=\/wp\/v2\/pages\/40\/revisions\/211"}],"wp:featuredmedia":[{"embeddable":true,"href":"https:\/\/hamburger-katzen.de\/index.php?rest_route=\/wp\/v2\/media\/203"}],"wp:attachment":[{"href":"https:\/\/hamburger-katzen.de\/index.php?rest_route=%2Fwp%2Fv2%2Fmedia&parent=40"}],"curies":[{"name":"wp","href":"https:\/\/api.w.org\/{rel}","templated":true}]}}