{"id":111,"date":"2025-09-05T10:19:23","date_gmt":"2025-09-05T10:19:23","guid":{"rendered":"https:\/\/hamburger-katzen.de\/?page_id=111"},"modified":"2025-10-25T16:51:49","modified_gmt":"2025-10-25T16:51:49","slug":"preise","status":"publish","type":"page","link":"https:\/\/hamburger-katzen.de\/?page_id=111","title":{"rendered":"Preise"},"content":{"rendered":"<nav class=\"is-responsive wp-block-navigation is-layout-flex wp-block-navigation-is-layout-flex\" aria-label=\"Navigation\" \n\t\t data-wp-interactive=\"core\/navigation\" data-wp-context='{\"overlayOpenedBy\":{\"click\":false,\"hover\":false,\"focus\":false},\"type\":\"overlay\",\"roleAttribute\":\"\",\"ariaLabel\":\"Men\\u00fc\"}'><button aria-haspopup=\"dialog\" aria-label=\"Men\u00fc \u00f6ffnen\" class=\"wp-block-navigation__responsive-container-open\" \n\t\t\t\tdata-wp-on--click=\"actions.openMenuOnClick\"\n\t\t\t\tdata-wp-on--keydown=\"actions.handleMenuKeydown\"\n\t\t\t><svg width=\"24\" height=\"24\" xmlns=\"http:\/\/www.w3.org\/2000\/svg\" viewBox=\"0 0 24 24\" aria-hidden=\"true\" focusable=\"false\"><path d=\"M4 7.5h16v1.5H4z\"><\/path><path d=\"M4 15h16v1.5H4z\"><\/path><\/svg><\/button>\n\t\t\t\t<div class=\"wp-block-navigation__responsive-container\"  id=\"modal-1\" \n\t\t\t\tdata-wp-class--has-modal-open=\"state.isMenuOpen\"\n\t\t\t\tdata-wp-class--is-menu-open=\"state.isMenuOpen\"\n\t\t\t\tdata-wp-watch=\"callbacks.initMenu\"\n\t\t\t\tdata-wp-on--keydown=\"actions.handleMenuKeydown\"\n\t\t\t\tdata-wp-on--focusout=\"actions.handleMenuFocusout\"\n\t\t\t\ttabindex=\"-1\"\n\t\t\t>\n\t\t\t\t\t<div class=\"wp-block-navigation__responsive-close\" tabindex=\"-1\">\n\t\t\t\t\t\t<div class=\"wp-block-navigation__responsive-dialog\" \n\t\t\t\tdata-wp-bind--aria-modal=\"state.ariaModal\"\n\t\t\t\tdata-wp-bind--aria-label=\"state.ariaLabel\"\n\t\t\t\tdata-wp-bind--role=\"state.roleAttribute\"\n\t\t\t>\n\t\t\t\t\t\t\t<button aria-label=\"Men\u00fc schlie\u00dfen\" class=\"wp-block-navigation__responsive-container-close\" \n\t\t\t\tdata-wp-on--click=\"actions.closeMenuOnClick\"\n\t\t\t><svg xmlns=\"http:\/\/www.w3.org\/2000\/svg\" viewBox=\"0 0 24 24\" width=\"24\" height=\"24\" aria-hidden=\"true\" focusable=\"false\"><path d=\"m13.06 12 6.47-6.47-1.06-1.06L12 10.94 5.53 4.47 4.47 5.53 10.94 12l-6.47 6.47 1.06 1.06L12 13.06l6.47 6.47 1.06-1.06L13.06 12Z\"><\/path><\/svg><\/button>\n\t\t\t\t\t\t\t<div class=\"wp-block-navigation__responsive-container-content\" \n\t\t\t\tdata-wp-watch=\"callbacks.focusFirstElement\"\n\t\t\t id=\"modal-1-content\">\n\t\t\t\t\t\t\t\t<ul class=\"wp-block-navigation__container is-responsive wp-block-navigation\"><li class=\" wp-block-navigation-item wp-block-navigation-link\"><a class=\"wp-block-navigation-item__content\"  href=\"https:\/\/hamburger-katzen.de\/\"><span class=\"wp-block-navigation-item__label\">Start<\/span><\/a><\/li><li class=\" wp-block-navigation-item wp-block-navigation-link\"><a class=\"wp-block-navigation-item__content\"  href=\"https:\/\/hamburger-katzen.de\/?page_id=101\"><span class=\"wp-block-navigation-item__label\">\u00fcber mich<\/span><\/a><\/li><li class=\" wp-block-navigation-item wp-block-navigation-link\"><a class=\"wp-block-navigation-item__content\"  href=\"https:\/\/hamburger-katzen.de\/?page_id=106\"><span class=\"wp-block-navigation-item__label\">mobile Katzenbetreuung<\/span><\/a><\/li><li class=\" wp-block-navigation-item wp-block-navigation-link\"><a class=\"wp-block-navigation-item__content\"  href=\"https:\/\/hamburger-katzen.de\/?page_id=124\"><span class=\"wp-block-navigation-item__label\">Leistungen<\/span><\/a><\/li><li class=\" wp-block-navigation-item wp-block-navigation-link\"><a class=\"wp-block-navigation-item__content\"  href=\"https:\/\/hamburger-katzen.de\/?page_id=111\"><span class=\"wp-block-navigation-item__label\">Preise<\/span><\/a><\/li><li class=\" wp-block-navigation-item wp-block-navigation-link\"><a class=\"wp-block-navigation-item__content\"  href=\"https:\/\/hamburger-katzen.de\/?page_id=120\"><span class=\"wp-block-navigation-item__label\">Impressum\/Kontakt<\/span><\/a><\/li><\/ul>\n\t\t\t\t\t\t\t<\/div>\n\t\t\t\t\t\t<\/div>\n\t\t\t\t\t<\/div>\n\t\t\t\t<\/div><\/nav>\n\n\n<p id=\"block-1d2738c3-96d4-4c9d-8d67-17030778f38c\"><strong>Meine Preise<\/strong><br><strong>Ein erstes Kennenlerngespr\u00e4ch bei Ihnen zuhause ist f\u00fcr Sie kostenlos \u2013 Dauer ca. 1 Stunde.<\/strong><br>Dabei kann mich Ihre Katze ganz in Ruhe \u201ebeschnuppern\u201c, und wir besprechen gemeinsam alle wichtigen Details zur Betreuung. Ich mache mir sorgf\u00e4ltige Notizen, damit ich Ihre W\u00fcnsche genau umsetzen kann.<\/p>\n\n\n\n<p>\ud83d\udcb0<strong> Betreuungspreise<\/strong><br>Nach individueller Vereinbarung, je nach Aufwand und Anzahl der Besuche.<br>Gem\u00e4\u00df \u00a7 19 UStG wird keine Umsatzsteuer berechnet.<br>Die Bezahlung erfolgt per Vorkasse zu Beginn der Betreuung.<\/p>\n\n\n\n<p>\ud83d\udccd <strong>Mein Betreuungsgebie<\/strong>t<br>Ich bin unterwegs im Raum Hamburg-Barmbek und den angrenzenden Stadtteilen.<br>Fahrtkosten berechne ich nicht im Bereich Barmbek und der n\u00e4heren Umgebung.<\/p>\n\n\n\n<p>\ud83c\udf3f <strong>Kostenloser Zusatzservice<\/strong><br>Als kleines Extra \u00fcbernehme ich w\u00e4hrend Ihrer Abwesenheit gerne:<\/p>\n\n\n\n<ul class=\"wp-block-list\">\n<li>Briefkasten leeren<\/li>\n\n\n\n<li>Wohnung l\u00fcften<\/li>\n\n\n\n<li>Blumen gie\u00dfen (bei gr\u00f6\u00dferem Pflegeaufwand: Preis nach Absprache)<\/li>\n\n\n\n<li>SMS\/WhatsApp-Benachrichtigungen oder E-Mails \u2013 kostenlos, in der Regel zu Beginn und Ende der Betreuung<\/li>\n<\/ul>\n\n\n\n<p>\u26a0\ufe0f <strong>Voraussetzung f\u00fcr die Betreuung<\/strong><br>Damit Ihre Katze und ich eine sch\u00f6ne Zeit miteinander verbringen k\u00f6nnen, bitte ich um Folgendes:<\/p>\n\n\n\n<p id=\"block-74f11448-ce63-4eee-8a71-7a9c5f767ce7\">Die \u00dcbernahme evtl. notwendiger tier\u00e4rztlicher Ma\u00dfnahmen muss im Vorfeld abgesichert sein (siehe Sondervereinbarung)<\/p>\n\n\n\n<p>Ihre Katze sollte frei von \u00fcbertragbaren oder ansteckenden Krankheiten sein<\/p>\n\n\n\n<p>Sie sollte keine Fl\u00f6he oder W\u00fcrmer haben<\/p>\n","protected":false},"excerpt":{"rendered":"<p>Meine PreiseEin erstes Kennenlerngespr\u00e4ch bei Ihnen zuhause ist f\u00fcr Sie kostenlos \u2013 Dauer ca. 1 Stunde.Dabei kann mich Ihre Katze ganz in Ruhe \u201ebeschnuppern\u201c, und wir besprechen gemeinsam alle wichtigen Details zur Betreuung. Ich mache mir sorgf\u00e4ltige Notizen, damit ich Ihre W\u00fcnsche genau umsetzen kann. \ud83d\udcb0 BetreuungspreiseNach individueller Vereinbarung, je nach Aufwand und Anzahl der [&hellip;]<\/p>\n","protected":false},"author":1,"featured_media":0,"parent":0,"menu_order":0,"comment_status":"closed","ping_status":"closed","template":"page-with-title","meta":{"footnotes":""},"class_list":["post-111","page","type-page","status-publish","hentry"],"yoast_head":"<!-- This site is optimized with the Yoast SEO plugin v27.4 - https:\/\/yoast.com\/product\/yoast-seo-wordpress\/ -->\n<title>Preise - Hamburger Katzen<\/title>\n<meta name=\"robots\" content=\"index, follow, max-snippet:-1, max-image-preview:large, max-video-preview:-1\" \/>\n<link rel=\"canonical\" href=\"https:\/\/hamburger-katzen.de\/?page_id=111\" \/>\n<meta property=\"og:locale\" content=\"de_DE\" \/>\n<meta property=\"og:type\" content=\"article\" \/>\n<meta property=\"og:title\" content=\"Preise - Hamburger Katzen\" \/>\n<meta property=\"og:description\" content=\"Meine PreiseEin erstes Kennenlerngespr\u00e4ch bei Ihnen zuhause ist f\u00fcr Sie kostenlos \u2013 Dauer ca. 1 Stunde.Dabei kann mich Ihre Katze ganz in Ruhe \u201ebeschnuppern\u201c, und wir besprechen gemeinsam alle wichtigen Details zur Betreuung. Ich mache mir sorgf\u00e4ltige Notizen, damit ich Ihre W\u00fcnsche genau umsetzen kann. \ud83d\udcb0 BetreuungspreiseNach individueller Vereinbarung, je nach Aufwand und Anzahl der [&hellip;]\" \/>\n<meta property=\"og:url\" content=\"https:\/\/hamburger-katzen.de\/?page_id=111\" \/>\n<meta property=\"og:site_name\" content=\"Hamburger Katzen\" \/>\n<meta property=\"article:modified_time\" content=\"2025-10-25T16:51:49+00:00\" \/>\n<meta name=\"twitter:card\" content=\"summary_large_image\" \/>\n<meta name=\"twitter:label1\" content=\"Gesch\u00e4tzte Lesezeit\" \/>\n\t<meta name=\"twitter:data1\" content=\"2\u00a0Minuten\" \/>\n<script type=\"application\/ld+json\" class=\"yoast-schema-graph\">{\"@context\":\"https:\\\/\\\/schema.org\",\"@graph\":[{\"@type\":\"WebPage\",\"@id\":\"https:\\\/\\\/hamburger-katzen.de\\\/?page_id=111\",\"url\":\"https:\\\/\\\/hamburger-katzen.de\\\/?page_id=111\",\"name\":\"Preise - Hamburger Katzen\",\"isPartOf\":{\"@id\":\"https:\\\/\\\/hamburger-katzen.de\\\/#website\"},\"datePublished\":\"2025-09-05T10:19:23+00:00\",\"dateModified\":\"2025-10-25T16:51:49+00:00\",\"breadcrumb\":{\"@id\":\"https:\\\/\\\/hamburger-katzen.de\\\/?page_id=111#breadcrumb\"},\"inLanguage\":\"de\",\"potentialAction\":[{\"@type\":\"ReadAction\",\"target\":[\"https:\\\/\\\/hamburger-katzen.de\\\/?page_id=111\"]}]},{\"@type\":\"BreadcrumbList\",\"@id\":\"https:\\\/\\\/hamburger-katzen.de\\\/?page_id=111#breadcrumb\",\"itemListElement\":[{\"@type\":\"ListItem\",\"position\":1,\"name\":\"Startseite\",\"item\":\"https:\\\/\\\/hamburger-katzen.de\\\/\"},{\"@type\":\"ListItem\",\"position\":2,\"name\":\"Preise\"}]},{\"@type\":\"WebSite\",\"@id\":\"https:\\\/\\\/hamburger-katzen.de\\\/#website\",\"url\":\"https:\\\/\\\/hamburger-katzen.de\\\/\",\"name\":\"mobile Katzenbetreuung Heike Tenfelde\",\"description\":\"mobile Katzenbetreuung\",\"publisher\":{\"@id\":\"https:\\\/\\\/hamburger-katzen.de\\\/#\\\/schema\\\/person\\\/e93d5b8b76285dcbe25d766431d31d2b\"},\"potentialAction\":[{\"@type\":\"SearchAction\",\"target\":{\"@type\":\"EntryPoint\",\"urlTemplate\":\"https:\\\/\\\/hamburger-katzen.de\\\/?s={search_term_string}\"},\"query-input\":{\"@type\":\"PropertyValueSpecification\",\"valueRequired\":true,\"valueName\":\"search_term_string\"}}],\"inLanguage\":\"de\"},{\"@type\":[\"Person\",\"Organization\"],\"@id\":\"https:\\\/\\\/hamburger-katzen.de\\\/#\\\/schema\\\/person\\\/e93d5b8b76285dcbe25d766431d31d2b\",\"name\":\"admin\",\"image\":{\"@type\":\"ImageObject\",\"inLanguage\":\"de\",\"@id\":\"https:\\\/\\\/hamburger-katzen.de\\\/wp-content\\\/uploads\\\/2025\\\/10\\\/favicon2_1274x1397-2.jpg\",\"url\":\"https:\\\/\\\/hamburger-katzen.de\\\/wp-content\\\/uploads\\\/2025\\\/10\\\/favicon2_1274x1397-2.jpg\",\"contentUrl\":\"https:\\\/\\\/hamburger-katzen.de\\\/wp-content\\\/uploads\\\/2025\\\/10\\\/favicon2_1274x1397-2.jpg\",\"width\":47,\"height\":52,\"caption\":\"admin\"},\"logo\":{\"@id\":\"https:\\\/\\\/hamburger-katzen.de\\\/wp-content\\\/uploads\\\/2025\\\/10\\\/favicon2_1274x1397-2.jpg\"},\"sameAs\":[\"https:\\\/\\\/hamburger-katzen.de\"]}]}<\/script>\n<!-- \/ Yoast SEO plugin. -->","yoast_head_json":{"title":"Preise - Hamburger Katzen","robots":{"index":"index","follow":"follow","max-snippet":"max-snippet:-1","max-image-preview":"max-image-preview:large","max-video-preview":"max-video-preview:-1"},"canonical":"https:\/\/hamburger-katzen.de\/?page_id=111","og_locale":"de_DE","og_type":"article","og_title":"Preise - Hamburger Katzen","og_description":"Meine PreiseEin erstes Kennenlerngespr\u00e4ch bei Ihnen zuhause ist f\u00fcr Sie kostenlos \u2013 Dauer ca. 1 Stunde.Dabei kann mich Ihre Katze ganz in Ruhe \u201ebeschnuppern\u201c, und wir besprechen gemeinsam alle wichtigen Details zur Betreuung. Ich mache mir sorgf\u00e4ltige Notizen, damit ich Ihre W\u00fcnsche genau umsetzen kann. \ud83d\udcb0 BetreuungspreiseNach individueller Vereinbarung, je nach Aufwand und Anzahl der [&hellip;]","og_url":"https:\/\/hamburger-katzen.de\/?page_id=111","og_site_name":"Hamburger Katzen","article_modified_time":"2025-10-25T16:51:49+00:00","twitter_card":"summary_large_image","twitter_misc":{"Gesch\u00e4tzte Lesezeit":"2\u00a0Minuten"},"schema":{"@context":"https:\/\/schema.org","@graph":[{"@type":"WebPage","@id":"https:\/\/hamburger-katzen.de\/?page_id=111","url":"https:\/\/hamburger-katzen.de\/?page_id=111","name":"Preise - Hamburger Katzen","isPartOf":{"@id":"https:\/\/hamburger-katzen.de\/#website"},"datePublished":"2025-09-05T10:19:23+00:00","dateModified":"2025-10-25T16:51:49+00:00","breadcrumb":{"@id":"https:\/\/hamburger-katzen.de\/?page_id=111#breadcrumb"},"inLanguage":"de","potentialAction":[{"@type":"ReadAction","target":["https:\/\/hamburger-katzen.de\/?page_id=111"]}]},{"@type":"BreadcrumbList","@id":"https:\/\/hamburger-katzen.de\/?page_id=111#breadcrumb","itemListElement":[{"@type":"ListItem","position":1,"name":"Startseite","item":"https:\/\/hamburger-katzen.de\/"},{"@type":"ListItem","position":2,"name":"Preise"}]},{"@type":"WebSite","@id":"https:\/\/hamburger-katzen.de\/#website","url":"https:\/\/hamburger-katzen.de\/","name":"mobile Katzenbetreuung Heike Tenfelde","description":"mobile Katzenbetreuung","publisher":{"@id":"https:\/\/hamburger-katzen.de\/#\/schema\/person\/e93d5b8b76285dcbe25d766431d31d2b"},"potentialAction":[{"@type":"SearchAction","target":{"@type":"EntryPoint","urlTemplate":"https:\/\/hamburger-katzen.de\/?s={search_term_string}"},"query-input":{"@type":"PropertyValueSpecification","valueRequired":true,"valueName":"search_term_string"}}],"inLanguage":"de"},{"@type":["Person","Organization"],"@id":"https:\/\/hamburger-katzen.de\/#\/schema\/person\/e93d5b8b76285dcbe25d766431d31d2b","name":"admin","image":{"@type":"ImageObject","inLanguage":"de","@id":"https:\/\/hamburger-katzen.de\/wp-content\/uploads\/2025\/10\/favicon2_1274x1397-2.jpg","url":"https:\/\/hamburger-katzen.de\/wp-content\/uploads\/2025\/10\/favicon2_1274x1397-2.jpg","contentUrl":"https:\/\/hamburger-katzen.de\/wp-content\/uploads\/2025\/10\/favicon2_1274x1397-2.jpg","width":47,"height":52,"caption":"admin"},"logo":{"@id":"https:\/\/hamburger-katzen.de\/wp-content\/uploads\/2025\/10\/favicon2_1274x1397-2.jpg"},"sameAs":["https:\/\/hamburger-katzen.de"]}]}},"_links":{"self":[{"href":"https:\/\/hamburger-katzen.de\/index.php?rest_route=\/wp\/v2\/pages\/111","targetHints":{"allow":["GET"]}}],"collection":[{"href":"https:\/\/hamburger-katzen.de\/index.php?rest_route=\/wp\/v2\/pages"}],"about":[{"href":"https:\/\/hamburger-katzen.de\/index.php?rest_route=\/wp\/v2\/types\/page"}],"author":[{"embeddable":true,"href":"https:\/\/hamburger-katzen.de\/index.php?rest_route=\/wp\/v2\/users\/1"}],"replies":[{"embeddable":true,"href":"https:\/\/hamburger-katzen.de\/index.php?rest_route=%2Fwp%2Fv2%2Fcomments&post=111"}],"version-history":[{"count":4,"href":"https:\/\/hamburger-katzen.de\/index.php?rest_route=\/wp\/v2\/pages\/111\/revisions"}],"predecessor-version":[{"id":219,"href":"https:\/\/hamburger-katzen.de\/index.php?rest_route=\/wp\/v2\/pages\/111\/revisions\/219"}],"wp:attachment":[{"href":"https:\/\/hamburger-katzen.de\/index.php?rest_route=%2Fwp%2Fv2%2Fmedia&parent=111"}],"curies":[{"name":"wp","href":"https:\/\/api.w.org\/{rel}","templated":true}]}}